{"id":5634,"date":"2024-09-26T01:00:36","date_gmt":"2024-09-26T01:00:36","guid":{"rendered":"https:\/\/bcmimprovement.com\/site1\/producto\/webcam-logitech-c920s\/"},"modified":"2024-09-26T01:00:59","modified_gmt":"2024-09-26T01:00:59","slug":"webcam-logitech-c920s","status":"publish","type":"product","link":"https:\/\/bcmimprovement.com\/site1\/producto\/webcam-logitech-c920s\/","title":{"rendered":"Webcam LOGITECH C920s"},"content":{"rendered":"<p>Webcam LOGITECH C920s &#8211; 720p, V\u00eddeo Full HD 1080p m\u00e1s R\u00e1pido y Fluido, Videoconferencias HD 720p, Audio Est\u00e9reo Natural (Dos Micr\u00f3fonos)<\/p>\n<p>UPC: 097855145833<\/p>\n<p>Color del producto: Negro<br \/>\nMegapixeles: 720p<\/p>\n","protected":false},"excerpt":{"rendered":"<p><strong>Webcam LOGITECH C920s &#8211; 720p, V\u00eddeo Full HD 1080p m\u00e1s R\u00e1pido y Fluido, Videoconferencias HD 720p, Audio Est\u00e9reo Natural (Dos Micr\u00f3fonos)<\/strong><\/p>\n","protected":false},"featured_media":5635,"comment_status":"closed","ping_status":"open","template":"","meta":[],"product_cat":[],"product_tag":[],"class_list":{"0":"post-5634","1":"product","2":"type-product","3":"status-publish","4":"has-post-thumbnail","7":"first","8":"instock","9":"product-type-simple"},"_links":{"self":[{"href":"https:\/\/bcmimprovement.com\/site1\/wp-json\/wp\/v2\/product\/5634","targetHints":{"allow":["GET"]}}],"collection":[{"href":"https:\/\/bcmimprovement.com\/site1\/wp-json\/wp\/v2\/product"}],"about":[{"href":"https:\/\/bcmimprovement.com\/site1\/wp-json\/wp\/v2\/types\/product"}],"replies":[{"embeddable":true,"href":"https:\/\/bcmimprovement.com\/site1\/wp-json\/wp\/v2\/comments?post=5634"}],"wp:featuredmedia":[{"embeddable":true,"href":"https:\/\/bcmimprovement.com\/site1\/wp-json\/wp\/v2\/media\/5635"}],"wp:attachment":[{"href":"https:\/\/bcmimprovement.com\/site1\/wp-json\/wp\/v2\/media?parent=5634"}],"wp:term":[{"taxonomy":"product_cat","embeddable":true,"href":"https:\/\/bcmimprovement.com\/site1\/wp-json\/wp\/v2\/product_cat?post=5634"},{"taxonomy":"product_tag","embeddable":true,"href":"https:\/\/bcmimprovement.com\/site1\/wp-json\/wp\/v2\/product_tag?post=5634"}],"curies":[{"name":"wp","href":"https:\/\/api.w.org\/{rel}","templated":true}]}}