{"id":5672,"date":"2024-09-26T01:01:27","date_gmt":"2024-09-26T01:01:27","guid":{"rendered":"https:\/\/bcmimprovement.com\/site1\/producto\/teclado-manhattan-175708\/"},"modified":"2024-09-26T01:01:57","modified_gmt":"2024-09-26T01:01:57","slug":"teclado-manhattan-175708","status":"publish","type":"product","link":"https:\/\/bcmimprovement.com\/site1\/producto\/teclado-manhattan-175708\/","title":{"rendered":"Teclado MANHATTAN 175708"},"content":{"rendered":"<p>175708 Teclado Est\u00e1ndar USB &#8211; Negro; Contra derrames, mecanismo de respuesta positiva y silenciosa al tacto, Tres a\u00f1os de garant\u00eda<\/p>\n<p>EAN: 7666231757088<\/p>\n<p>Color del producto: Negro<br \/>\nInterfaz del dispositivo: USB<\/p>\n","protected":false},"excerpt":{"rendered":"<p><strong>175708 Teclado Est\u00e1ndar USB &#8211; Negro; Contra derrames, mecanismo de respuesta positiva y silenciosa al tacto, Tres a\u00f1os de garant\u00eda<\/strong><\/p>\n","protected":false},"featured_media":5673,"comment_status":"closed","ping_status":"open","template":"","meta":[],"product_cat":[],"product_tag":[],"class_list":{"0":"post-5672","1":"product","2":"type-product","3":"status-publish","4":"has-post-thumbnail","7":"first","8":"instock","9":"product-type-simple"},"_links":{"self":[{"href":"https:\/\/bcmimprovement.com\/site1\/wp-json\/wp\/v2\/product\/5672","targetHints":{"allow":["GET"]}}],"collection":[{"href":"https:\/\/bcmimprovement.com\/site1\/wp-json\/wp\/v2\/product"}],"about":[{"href":"https:\/\/bcmimprovement.com\/site1\/wp-json\/wp\/v2\/types\/product"}],"replies":[{"embeddable":true,"href":"https:\/\/bcmimprovement.com\/site1\/wp-json\/wp\/v2\/comments?post=5672"}],"wp:featuredmedia":[{"embeddable":true,"href":"https:\/\/bcmimprovement.com\/site1\/wp-json\/wp\/v2\/media\/5673"}],"wp:attachment":[{"href":"https:\/\/bcmimprovement.com\/site1\/wp-json\/wp\/v2\/media?parent=5672"}],"wp:term":[{"taxonomy":"product_cat","embeddable":true,"href":"https:\/\/bcmimprovement.com\/site1\/wp-json\/wp\/v2\/product_cat?post=5672"},{"taxonomy":"product_tag","embeddable":true,"href":"https:\/\/bcmimprovement.com\/site1\/wp-json\/wp\/v2\/product_tag?post=5672"}],"curies":[{"name":"wp","href":"https:\/\/api.w.org\/{rel}","templated":true}]}}