{"id":5710,"date":"2024-09-26T01:02:22","date_gmt":"2024-09-26T01:02:22","guid":{"rendered":"https:\/\/bcmimprovement.com\/site1\/producto\/teclado-inalambrico-kensington-k75401es\/"},"modified":"2024-09-26T01:02:38","modified_gmt":"2024-09-26T01:02:38","slug":"teclado-inalambrico-kensington-k75401es","status":"publish","type":"product","link":"https:\/\/bcmimprovement.com\/site1\/producto\/teclado-inalambrico-kensington-k75401es\/","title":{"rendered":"Teclado Inal\u00e1mbrico KENSINGTON K75401ES"},"content":{"rendered":"<p>Teclado Inal\u00e1mbrico  KENSINGTON K75401 &#8211; Inal\u00e1mbrico, Negro, Inal\u00e1mbrico<\/p>\n<p>EAN: 5028252602679<\/p>\n<p>Color del producto: Negro<br \/>\nInterfaz del dispositivo: Inal\u00e1mbrico<br \/>\nTecnolog\u00eda de conectividad: Inal\u00e1mbrico<\/p>\n","protected":false},"excerpt":{"rendered":"<p><strong>Teclado Inal\u00e1mbrico  KENSINGTON K75401 &#8211; Inal\u00e1mbrico, Negro, Inal\u00e1mbrico<\/strong><\/p>\n","protected":false},"featured_media":5711,"comment_status":"closed","ping_status":"open","template":"","meta":[],"product_cat":[],"product_tag":[],"class_list":{"0":"post-5710","1":"product","2":"type-product","3":"status-publish","4":"has-post-thumbnail","7":"first","8":"instock","9":"product-type-simple"},"_links":{"self":[{"href":"https:\/\/bcmimprovement.com\/site1\/wp-json\/wp\/v2\/product\/5710","targetHints":{"allow":["GET"]}}],"collection":[{"href":"https:\/\/bcmimprovement.com\/site1\/wp-json\/wp\/v2\/product"}],"about":[{"href":"https:\/\/bcmimprovement.com\/site1\/wp-json\/wp\/v2\/types\/product"}],"replies":[{"embeddable":true,"href":"https:\/\/bcmimprovement.com\/site1\/wp-json\/wp\/v2\/comments?post=5710"}],"wp:featuredmedia":[{"embeddable":true,"href":"https:\/\/bcmimprovement.com\/site1\/wp-json\/wp\/v2\/media\/5711"}],"wp:attachment":[{"href":"https:\/\/bcmimprovement.com\/site1\/wp-json\/wp\/v2\/media?parent=5710"}],"wp:term":[{"taxonomy":"product_cat","embeddable":true,"href":"https:\/\/bcmimprovement.com\/site1\/wp-json\/wp\/v2\/product_cat?post=5710"},{"taxonomy":"product_tag","embeddable":true,"href":"https:\/\/bcmimprovement.com\/site1\/wp-json\/wp\/v2\/product_tag?post=5710"}],"curies":[{"name":"wp","href":"https:\/\/api.w.org\/{rel}","templated":true}]}}