{"id":5756,"date":"2024-09-26T01:03:31","date_gmt":"2024-09-26T01:03:31","guid":{"rendered":"https:\/\/bcmimprovement.com\/site1\/producto\/alfombrilla-para-raton-y-reposamunecas-kensington-k62399us\/"},"modified":"2024-09-26T01:03:57","modified_gmt":"2024-09-26T01:03:57","slug":"alfombrilla-para-raton-y-reposamunecas-kensington-k62399us","status":"publish","type":"product","link":"https:\/\/bcmimprovement.com\/site1\/producto\/alfombrilla-para-raton-y-reposamunecas-kensington-k62399us\/","title":{"rendered":"Alfombrilla para Rat\u00f3n y Reposamu\u00f1ecas KENSINGTON K62399US"},"content":{"rendered":"<p>Alfombrilla para Rat\u00f3n y Reposamu\u00f1ecas KENSINGTON K62399US &#8211; Negro\/Gris<\/p>\n<p>UPC: 085896623991<\/p>\n<p>Color del producto: Negro\/Gris<\/p>\n","protected":false},"excerpt":{"rendered":"<p><strong>Alfombrilla para Rat\u00f3n y Reposamu\u00f1ecas KENSINGTON K62399US &#8211; Negro\/Gris<\/strong><\/p>\n","protected":false},"featured_media":5757,"comment_status":"closed","ping_status":"open","template":"","meta":[],"product_cat":[],"product_tag":[],"class_list":{"0":"post-5756","1":"product","2":"type-product","3":"status-publish","4":"has-post-thumbnail","7":"first","8":"instock","9":"product-type-simple"},"_links":{"self":[{"href":"https:\/\/bcmimprovement.com\/site1\/wp-json\/wp\/v2\/product\/5756","targetHints":{"allow":["GET"]}}],"collection":[{"href":"https:\/\/bcmimprovement.com\/site1\/wp-json\/wp\/v2\/product"}],"about":[{"href":"https:\/\/bcmimprovement.com\/site1\/wp-json\/wp\/v2\/types\/product"}],"replies":[{"embeddable":true,"href":"https:\/\/bcmimprovement.com\/site1\/wp-json\/wp\/v2\/comments?post=5756"}],"wp:featuredmedia":[{"embeddable":true,"href":"https:\/\/bcmimprovement.com\/site1\/wp-json\/wp\/v2\/media\/5757"}],"wp:attachment":[{"href":"https:\/\/bcmimprovement.com\/site1\/wp-json\/wp\/v2\/media?parent=5756"}],"wp:term":[{"taxonomy":"product_cat","embeddable":true,"href":"https:\/\/bcmimprovement.com\/site1\/wp-json\/wp\/v2\/product_cat?post=5756"},{"taxonomy":"product_tag","embeddable":true,"href":"https:\/\/bcmimprovement.com\/site1\/wp-json\/wp\/v2\/product_tag?post=5756"}],"curies":[{"name":"wp","href":"https:\/\/api.w.org\/{rel}","templated":true}]}}