{"id":5760,"date":"2024-09-26T01:03:31","date_gmt":"2024-09-26T01:03:31","guid":{"rendered":"https:\/\/bcmimprovement.com\/site1\/producto\/alfombrilla-para-raton-y-reposamunecas-kensington-p5116\/"},"modified":"2024-09-26T01:04:03","modified_gmt":"2024-09-26T01:04:03","slug":"alfombrilla-para-raton-y-reposamunecas-kensington-p5116","status":"publish","type":"product","link":"https:\/\/bcmimprovement.com\/site1\/producto\/alfombrilla-para-raton-y-reposamunecas-kensington-p5116\/","title":{"rendered":"Alfombrilla para Rat\u00f3n y Reposamu\u00f1ecas KENSINGTON P5116"},"content":{"rendered":"<p>Alfombrilla para Rat\u00f3n y Reposamu\u00f1ecas Kensington\u00ae Duo Gel Rojo Negro P5116 &#8211;<\/p>\n<p>UPC: 085896624028<\/p>\n<p>Color del producto: Rojo\/negro<\/p>\n","protected":false},"excerpt":{"rendered":"<p><strong>Alfombrilla para Rat\u00f3n y Reposamu\u00f1ecas Kensington\u00ae Duo Gel Rojo Negro P5116 &#8211;<\/strong><\/p>\n","protected":false},"featured_media":5761,"comment_status":"closed","ping_status":"open","template":"","meta":[],"product_cat":[],"product_tag":[],"class_list":{"0":"post-5760","1":"product","2":"type-product","3":"status-publish","4":"has-post-thumbnail","7":"first","8":"instock","9":"product-type-simple"},"_links":{"self":[{"href":"https:\/\/bcmimprovement.com\/site1\/wp-json\/wp\/v2\/product\/5760","targetHints":{"allow":["GET"]}}],"collection":[{"href":"https:\/\/bcmimprovement.com\/site1\/wp-json\/wp\/v2\/product"}],"about":[{"href":"https:\/\/bcmimprovement.com\/site1\/wp-json\/wp\/v2\/types\/product"}],"replies":[{"embeddable":true,"href":"https:\/\/bcmimprovement.com\/site1\/wp-json\/wp\/v2\/comments?post=5760"}],"wp:featuredmedia":[{"embeddable":true,"href":"https:\/\/bcmimprovement.com\/site1\/wp-json\/wp\/v2\/media\/5761"}],"wp:attachment":[{"href":"https:\/\/bcmimprovement.com\/site1\/wp-json\/wp\/v2\/media?parent=5760"}],"wp:term":[{"taxonomy":"product_cat","embeddable":true,"href":"https:\/\/bcmimprovement.com\/site1\/wp-json\/wp\/v2\/product_cat?post=5760"},{"taxonomy":"product_tag","embeddable":true,"href":"https:\/\/bcmimprovement.com\/site1\/wp-json\/wp\/v2\/product_tag?post=5760"}],"curies":[{"name":"wp","href":"https:\/\/api.w.org\/{rel}","templated":true}]}}