{"id":5786,"date":"2024-09-26T01:04:18","date_gmt":"2024-09-26T01:04:18","guid":{"rendered":"https:\/\/bcmimprovement.com\/site1\/producto\/teclado-usb-brobotix-420028\/"},"modified":"2024-09-26T01:04:34","modified_gmt":"2024-09-26T01:04:34","slug":"teclado-usb-brobotix-420028","status":"publish","type":"product","link":"https:\/\/bcmimprovement.com\/site1\/producto\/teclado-usb-brobotix-420028\/","title":{"rendered":"Teclado USB BROBOTIX 420028"},"content":{"rendered":"<p>Teclado Iluminado &#8211; RGB, Ergon\u00f3mico, Multimedia, Al\u00e1mbrico USB, Negro (Ingl\u00e9s), 420028 BROBOTIX<\/p>\n<p>EAN: 6956822420028<\/p>\n<p>Color del producto: Negro<br \/>\nTecnolog\u00eda de conectividad: Al\u00e1mbrico<br \/>\nInterfaz del dispositivo: USB<br \/>\nDise\u00f1o de teclado: Ergon\u00f3mico<\/p>\n","protected":false},"excerpt":{"rendered":"<p><strong>Teclado Iluminado &#8211; RGB, Ergon\u00f3mico, Multimedia, Al\u00e1mbrico USB, Negro (Ingl\u00e9s), 420028 BROBOTIX<\/strong><\/p>\n","protected":false},"featured_media":5787,"comment_status":"closed","ping_status":"open","template":"","meta":[],"product_cat":[],"product_tag":[],"class_list":{"0":"post-5786","1":"product","2":"type-product","3":"status-publish","4":"has-post-thumbnail","7":"first","8":"instock","9":"product-type-simple"},"_links":{"self":[{"href":"https:\/\/bcmimprovement.com\/site1\/wp-json\/wp\/v2\/product\/5786","targetHints":{"allow":["GET"]}}],"collection":[{"href":"https:\/\/bcmimprovement.com\/site1\/wp-json\/wp\/v2\/product"}],"about":[{"href":"https:\/\/bcmimprovement.com\/site1\/wp-json\/wp\/v2\/types\/product"}],"replies":[{"embeddable":true,"href":"https:\/\/bcmimprovement.com\/site1\/wp-json\/wp\/v2\/comments?post=5786"}],"wp:featuredmedia":[{"embeddable":true,"href":"https:\/\/bcmimprovement.com\/site1\/wp-json\/wp\/v2\/media\/5787"}],"wp:attachment":[{"href":"https:\/\/bcmimprovement.com\/site1\/wp-json\/wp\/v2\/media?parent=5786"}],"wp:term":[{"taxonomy":"product_cat","embeddable":true,"href":"https:\/\/bcmimprovement.com\/site1\/wp-json\/wp\/v2\/product_cat?post=5786"},{"taxonomy":"product_tag","embeddable":true,"href":"https:\/\/bcmimprovement.com\/site1\/wp-json\/wp\/v2\/product_tag?post=5786"}],"curies":[{"name":"wp","href":"https:\/\/api.w.org\/{rel}","templated":true}]}}