{"id":5788,"date":"2024-09-26T01:04:18","date_gmt":"2024-09-26T01:04:18","guid":{"rendered":"https:\/\/bcmimprovement.com\/site1\/producto\/teclado-mecanico-pop-keys-logitech-920-010715\/"},"modified":"2024-09-26T01:04:35","modified_gmt":"2024-09-26T01:04:35","slug":"teclado-mecanico-pop-keys-logitech-920-010715","status":"publish","type":"product","link":"https:\/\/bcmimprovement.com\/site1\/producto\/teclado-mecanico-pop-keys-logitech-920-010715\/","title":{"rendered":"Teclado Mec\u00e1nico POP KEYS LOGITECH 920-010715"},"content":{"rendered":"<p>Teclado Mec\u00e1nico POP KEYS LOGITECH 920-010715 &#8211; Inal\u00e1mbrico, Bluetooth<\/p>\n<p>UPC: 097855171955<\/p>\n<p>Interfaz del dispositivo: Inal\u00e1mbrico<br \/>\nTecnolog\u00eda de conectividad: Bluetooth<\/p>\n","protected":false},"excerpt":{"rendered":"<p><strong>Teclado Mec\u00e1nico POP KEYS LOGITECH 920-010715 &#8211; Inal\u00e1mbrico, Bluetooth<\/strong><\/p>\n","protected":false},"featured_media":5789,"comment_status":"closed","ping_status":"open","template":"","meta":[],"product_cat":[],"product_tag":[],"class_list":{"0":"post-5788","1":"product","2":"type-product","3":"status-publish","4":"has-post-thumbnail","7":"first","8":"instock","9":"product-type-simple"},"_links":{"self":[{"href":"https:\/\/bcmimprovement.com\/site1\/wp-json\/wp\/v2\/product\/5788","targetHints":{"allow":["GET"]}}],"collection":[{"href":"https:\/\/bcmimprovement.com\/site1\/wp-json\/wp\/v2\/product"}],"about":[{"href":"https:\/\/bcmimprovement.com\/site1\/wp-json\/wp\/v2\/types\/product"}],"replies":[{"embeddable":true,"href":"https:\/\/bcmimprovement.com\/site1\/wp-json\/wp\/v2\/comments?post=5788"}],"wp:featuredmedia":[{"embeddable":true,"href":"https:\/\/bcmimprovement.com\/site1\/wp-json\/wp\/v2\/media\/5789"}],"wp:attachment":[{"href":"https:\/\/bcmimprovement.com\/site1\/wp-json\/wp\/v2\/media?parent=5788"}],"wp:term":[{"taxonomy":"product_cat","embeddable":true,"href":"https:\/\/bcmimprovement.com\/site1\/wp-json\/wp\/v2\/product_cat?post=5788"},{"taxonomy":"product_tag","embeddable":true,"href":"https:\/\/bcmimprovement.com\/site1\/wp-json\/wp\/v2\/product_tag?post=5788"}],"curies":[{"name":"wp","href":"https:\/\/api.w.org\/{rel}","templated":true}]}}