{"id":6224,"date":"2024-10-04T05:07:32","date_gmt":"2024-10-04T05:07:32","guid":{"rendered":"https:\/\/bcmimprovement.com\/site1\/producto\/mouse-game-factor-mo-602-bk\/"},"modified":"2024-10-04T05:07:33","modified_gmt":"2024-10-04T05:07:33","slug":"mouse-game-factor-mo-602-bk","status":"publish","type":"product","link":"https:\/\/bcmimprovement.com\/site1\/producto\/mouse-game-factor-mo-602-bk\/","title":{"rendered":"Mouse GAME FACTOR MO-602-BK"},"content":{"rendered":"<p>Mouse. Vorago. MOG602-BK GAME FACTOR. Al\u00e1mbrico. 19 &#8211; 000 dpi<\/p>\n<p>EAN: 7503038925459<\/p>\n<p>Color del producto: Negro<br \/>\nInterfaz del dispositivo: Al\u00e1mbrico<br \/>\nTecnolog\u00eda de detecci\u00f3n de movimientos: \u00d3ptico<br \/>\nResoluci\u00f3n de movimiento: 19000 DPI<br \/>\nCantidad de botones: 6 botones + 1 fast click<\/p>\n","protected":false},"excerpt":{"rendered":"<p><strong>Mouse. Vorago. MOG602-BK GAME FACTOR. Al\u00e1mbrico. 19 &#8211; 000 dpi<\/strong><\/p>\n","protected":false},"featured_media":6225,"comment_status":"closed","ping_status":"open","template":"","meta":[],"product_cat":[45,52],"product_tag":[],"class_list":{"0":"post-6224","1":"product","2":"type-product","3":"status-publish","4":"has-post-thumbnail","6":"product_cat-accesorios-para-componentes","7":"product_cat-mouse","9":"first","10":"instock","11":"product-type-simple"},"_links":{"self":[{"href":"https:\/\/bcmimprovement.com\/site1\/wp-json\/wp\/v2\/product\/6224","targetHints":{"allow":["GET"]}}],"collection":[{"href":"https:\/\/bcmimprovement.com\/site1\/wp-json\/wp\/v2\/product"}],"about":[{"href":"https:\/\/bcmimprovement.com\/site1\/wp-json\/wp\/v2\/types\/product"}],"replies":[{"embeddable":true,"href":"https:\/\/bcmimprovement.com\/site1\/wp-json\/wp\/v2\/comments?post=6224"}],"wp:featuredmedia":[{"embeddable":true,"href":"https:\/\/bcmimprovement.com\/site1\/wp-json\/wp\/v2\/media\/6225"}],"wp:attachment":[{"href":"https:\/\/bcmimprovement.com\/site1\/wp-json\/wp\/v2\/media?parent=6224"}],"wp:term":[{"taxonomy":"product_cat","embeddable":true,"href":"https:\/\/bcmimprovement.com\/site1\/wp-json\/wp\/v2\/product_cat?post=6224"},{"taxonomy":"product_tag","embeddable":true,"href":"https:\/\/bcmimprovement.com\/site1\/wp-json\/wp\/v2\/product_tag?post=6224"}],"curies":[{"name":"wp","href":"https:\/\/api.w.org\/{rel}","templated":true}]}}