{"id":6236,"date":"2024-10-04T05:09:33","date_gmt":"2024-10-04T05:09:33","guid":{"rendered":"https:\/\/bcmimprovement.com\/site1\/producto\/mouse-brobotix-6000786\/"},"modified":"2024-10-04T05:09:56","modified_gmt":"2024-10-04T05:09:56","slug":"mouse-brobotix-6000786","status":"publish","type":"product","link":"https:\/\/bcmimprovement.com\/site1\/producto\/mouse-brobotix-6000786\/","title":{"rendered":"Mouse BROBOTIX 6000786"},"content":{"rendered":"<p>Mouse inal\u00e1mbrico &#8211; 1000 dpi, \u00d3ptico, Negro con Gris, 6000786 BROBOTIX<\/p>\n<p>EAN: 7500896000786<\/p>\n<p>Interfaz del dispositivo: RF inal\u00e1mbrico<br \/>\nTecnolog\u00eda de detecci\u00f3n de movimientos: \u00d3ptico<br \/>\nColor del producto: Negro, Gris<br \/>\nResoluci\u00f3n de movimiento: 1000 DPI<br \/>\nCantidad de botones: 3 botones<\/p>\n","protected":false},"excerpt":{"rendered":"<p><strong>Mouse inal\u00e1mbrico &#8211; 1000 dpi, \u00d3ptico, Negro con Gris, 6000786 BROBOTIX<\/strong><\/p>\n","protected":false},"featured_media":6237,"comment_status":"closed","ping_status":"open","template":"","meta":[],"product_cat":[45,52],"product_tag":[],"class_list":{"0":"post-6236","1":"product","2":"type-product","3":"status-publish","4":"has-post-thumbnail","6":"product_cat-accesorios-para-componentes","7":"product_cat-mouse","9":"first","10":"instock","11":"product-type-simple"},"_links":{"self":[{"href":"https:\/\/bcmimprovement.com\/site1\/wp-json\/wp\/v2\/product\/6236","targetHints":{"allow":["GET"]}}],"collection":[{"href":"https:\/\/bcmimprovement.com\/site1\/wp-json\/wp\/v2\/product"}],"about":[{"href":"https:\/\/bcmimprovement.com\/site1\/wp-json\/wp\/v2\/types\/product"}],"replies":[{"embeddable":true,"href":"https:\/\/bcmimprovement.com\/site1\/wp-json\/wp\/v2\/comments?post=6236"}],"wp:featuredmedia":[{"embeddable":true,"href":"https:\/\/bcmimprovement.com\/site1\/wp-json\/wp\/v2\/media\/6237"}],"wp:attachment":[{"href":"https:\/\/bcmimprovement.com\/site1\/wp-json\/wp\/v2\/media?parent=6236"}],"wp:term":[{"taxonomy":"product_cat","embeddable":true,"href":"https:\/\/bcmimprovement.com\/site1\/wp-json\/wp\/v2\/product_cat?post=6236"},{"taxonomy":"product_tag","embeddable":true,"href":"https:\/\/bcmimprovement.com\/site1\/wp-json\/wp\/v2\/product_tag?post=6236"}],"curies":[{"name":"wp","href":"https:\/\/api.w.org\/{rel}","templated":true}]}}