{"id":6305,"date":"2024-10-04T14:59:42","date_gmt":"2024-10-04T14:59:42","guid":{"rendered":"https:\/\/bcmimprovement.com\/site1\/producto\/teclado-inalambrico-brobotix-6006436\/"},"modified":"2024-10-04T15:00:48","modified_gmt":"2024-10-04T15:00:48","slug":"teclado-inalambrico-brobotix-6006436","status":"publish","type":"product","link":"https:\/\/bcmimprovement.com\/site1\/producto\/teclado-inalambrico-brobotix-6006436\/","title":{"rendered":"Teclado inalambrico BROBOTIX 6006436"},"content":{"rendered":"<p>Teclado Inal\u00e1mbrico &#8211; Bluetooth, MINI, Portable, Bater\u00eda Recargabe, duraci\u00f3n hasta 72h, P\/Port\u00e1til, Tablet y Celular, Espa\u00f1ol, Negro, 6006436 BROBOTIX<\/p>\n<p>EAN: 7500896006436<\/p>\n<p>Color del producto: Negro<br \/>\nInterfaz del dispositivo: Inal\u00e1mbrico<br \/>\nTecnolog\u00eda de conectividad: Bluetooth<br \/>\nUtilizar con: Universal<\/p>\n","protected":false},"excerpt":{"rendered":"<p><strong>Teclado Inal\u00e1mbrico &#8211; Bluetooth, MINI, Portable, Bater\u00eda Recargabe, duraci\u00f3n hasta 72h, P\/Port\u00e1til, Tablet y Celular, Espa\u00f1ol, Negro, 6006436 BROBOTIX<\/strong><\/p>\n","protected":false},"featured_media":6306,"comment_status":"closed","ping_status":"open","template":"","meta":[],"product_cat":[45,54],"product_tag":[],"class_list":{"0":"post-6305","1":"product","2":"type-product","3":"status-publish","4":"has-post-thumbnail","6":"product_cat-accesorios-para-componentes","7":"product_cat-teclados","9":"first","10":"instock","11":"product-type-simple"},"_links":{"self":[{"href":"https:\/\/bcmimprovement.com\/site1\/wp-json\/wp\/v2\/product\/6305","targetHints":{"allow":["GET"]}}],"collection":[{"href":"https:\/\/bcmimprovement.com\/site1\/wp-json\/wp\/v2\/product"}],"about":[{"href":"https:\/\/bcmimprovement.com\/site1\/wp-json\/wp\/v2\/types\/product"}],"replies":[{"embeddable":true,"href":"https:\/\/bcmimprovement.com\/site1\/wp-json\/wp\/v2\/comments?post=6305"}],"wp:featuredmedia":[{"embeddable":true,"href":"https:\/\/bcmimprovement.com\/site1\/wp-json\/wp\/v2\/media\/6306"}],"wp:attachment":[{"href":"https:\/\/bcmimprovement.com\/site1\/wp-json\/wp\/v2\/media?parent=6305"}],"wp:term":[{"taxonomy":"product_cat","embeddable":true,"href":"https:\/\/bcmimprovement.com\/site1\/wp-json\/wp\/v2\/product_cat?post=6305"},{"taxonomy":"product_tag","embeddable":true,"href":"https:\/\/bcmimprovement.com\/site1\/wp-json\/wp\/v2\/product_tag?post=6305"}],"curies":[{"name":"wp","href":"https:\/\/api.w.org\/{rel}","templated":true}]}}