{"id":6419,"date":"2024-10-04T15:01:16","date_gmt":"2024-10-04T15:01:16","guid":{"rendered":"https:\/\/bcmimprovement.com\/site1\/producto\/teclado-numerico-perfect-choice-pc-201106\/"},"modified":"2024-10-04T15:02:18","modified_gmt":"2024-10-04T15:02:18","slug":"teclado-numerico-perfect-choice-pc-201106","status":"publish","type":"product","link":"https:\/\/bcmimprovement.com\/site1\/producto\/teclado-numerico-perfect-choice-pc-201106\/","title":{"rendered":"Teclado n\u00famerico PERFECT CHOICE PC-201106"},"content":{"rendered":"<p>Teclado Num\u00e9rico Inal\u00e1mbrico NUMBRA PC-201106 &#8211; dise\u00f1o port\u00e1til, ligero y delgado es el complemento ideal para tu laptop, teclado 1.5 Vcc 40mA (1 bater\u00eda AA<\/p>\n<p>UPC: 615604201106<\/p>\n","protected":false},"excerpt":{"rendered":"<p><strong>Teclado Num\u00e9rico Inal\u00e1mbrico NUMBRA PC-201106 &#8211; dise\u00f1o port\u00e1til, ligero y delgado es el complemento ideal para tu laptop, teclado 1.5 Vcc 40mA (1 bater\u00eda AA<\/strong><\/p>\n","protected":false},"featured_media":6420,"comment_status":"closed","ping_status":"open","template":"","meta":[],"product_cat":[45,54],"product_tag":[],"class_list":{"0":"post-6419","1":"product","2":"type-product","3":"status-publish","4":"has-post-thumbnail","6":"product_cat-accesorios-para-componentes","7":"product_cat-teclados","9":"first","10":"instock","11":"product-type-simple"},"_links":{"self":[{"href":"https:\/\/bcmimprovement.com\/site1\/wp-json\/wp\/v2\/product\/6419","targetHints":{"allow":["GET"]}}],"collection":[{"href":"https:\/\/bcmimprovement.com\/site1\/wp-json\/wp\/v2\/product"}],"about":[{"href":"https:\/\/bcmimprovement.com\/site1\/wp-json\/wp\/v2\/types\/product"}],"replies":[{"embeddable":true,"href":"https:\/\/bcmimprovement.com\/site1\/wp-json\/wp\/v2\/comments?post=6419"}],"wp:featuredmedia":[{"embeddable":true,"href":"https:\/\/bcmimprovement.com\/site1\/wp-json\/wp\/v2\/media\/6420"}],"wp:attachment":[{"href":"https:\/\/bcmimprovement.com\/site1\/wp-json\/wp\/v2\/media?parent=6419"}],"wp:term":[{"taxonomy":"product_cat","embeddable":true,"href":"https:\/\/bcmimprovement.com\/site1\/wp-json\/wp\/v2\/product_cat?post=6419"},{"taxonomy":"product_tag","embeddable":true,"href":"https:\/\/bcmimprovement.com\/site1\/wp-json\/wp\/v2\/product_tag?post=6419"}],"curies":[{"name":"wp","href":"https:\/\/api.w.org\/{rel}","templated":true}]}}