{"id":6455,"date":"2024-10-04T15:02:42","date_gmt":"2024-10-04T15:02:42","guid":{"rendered":"https:\/\/bcmimprovement.com\/site1\/producto\/mouse-vorago-mo-450\/"},"modified":"2024-10-04T15:02:55","modified_gmt":"2024-10-04T15:02:55","slug":"mouse-vorago-mo-450","status":"publish","type":"product","link":"https:\/\/bcmimprovement.com\/site1\/producto\/mouse-vorago-mo-450\/","title":{"rendered":"Mouse VORAGO MO-450"},"content":{"rendered":"<p>MOUSE VORAGO MO-450 INALAMBRICO Y BLUETOOTH RECARGABLE TIPO C NEGRO &#8211;<\/p>\n<p>EAN: 7503044580710<\/p>\n<p>Color del producto: Negro<br \/>\nInterfaz del dispositivo: Bluetooth<br \/>\nTecnolog\u00eda de detecci\u00f3n de movimientos: \u00d3ptico<br \/>\nResoluci\u00f3n de movimiento: 1600 DPI<br \/>\nCantidad de botones: 6 botones<\/p>\n","protected":false},"excerpt":{"rendered":"<p><strong>MOUSE VORAGO MO-450 INALAMBRICO Y BLUETOOTH RECARGABLE TIPO C NEGRO &#8211;<\/strong><\/p>\n","protected":false},"featured_media":6456,"comment_status":"closed","ping_status":"open","template":"","meta":[],"product_cat":[45,52],"product_tag":[],"class_list":{"0":"post-6455","1":"product","2":"type-product","3":"status-publish","4":"has-post-thumbnail","6":"product_cat-accesorios-para-componentes","7":"product_cat-mouse","9":"first","10":"instock","11":"product-type-simple"},"_links":{"self":[{"href":"https:\/\/bcmimprovement.com\/site1\/wp-json\/wp\/v2\/product\/6455","targetHints":{"allow":["GET"]}}],"collection":[{"href":"https:\/\/bcmimprovement.com\/site1\/wp-json\/wp\/v2\/product"}],"about":[{"href":"https:\/\/bcmimprovement.com\/site1\/wp-json\/wp\/v2\/types\/product"}],"replies":[{"embeddable":true,"href":"https:\/\/bcmimprovement.com\/site1\/wp-json\/wp\/v2\/comments?post=6455"}],"wp:featuredmedia":[{"embeddable":true,"href":"https:\/\/bcmimprovement.com\/site1\/wp-json\/wp\/v2\/media\/6456"}],"wp:attachment":[{"href":"https:\/\/bcmimprovement.com\/site1\/wp-json\/wp\/v2\/media?parent=6455"}],"wp:term":[{"taxonomy":"product_cat","embeddable":true,"href":"https:\/\/bcmimprovement.com\/site1\/wp-json\/wp\/v2\/product_cat?post=6455"},{"taxonomy":"product_tag","embeddable":true,"href":"https:\/\/bcmimprovement.com\/site1\/wp-json\/wp\/v2\/product_tag?post=6455"}],"curies":[{"name":"wp","href":"https:\/\/api.w.org\/{rel}","templated":true}]}}