{"id":6528,"date":"2024-10-04T15:05:44","date_gmt":"2024-10-04T15:05:44","guid":{"rendered":"https:\/\/bcmimprovement.com\/site1\/producto\/teclados-techzone-tzactca04\/"},"modified":"2024-10-04T15:06:04","modified_gmt":"2024-10-04T15:06:04","slug":"teclados-techzone-tzactca04","status":"publish","type":"product","link":"https:\/\/bcmimprovement.com\/site1\/producto\/teclados-techzone-tzactca04\/","title":{"rendered":"Teclados TECHZONE TZACTCA04"},"content":{"rendered":"<p>Teclado Al\u00e1mbrico Techzone TZACTA04 color negro &#8211; tipo QWERTY, con indicadores: num\u00e9rico, may\u00fascula y bloqueo de desplazamiento, 105 teclas<\/p>\n<p>EAN: 7501801414780<\/p>\n<p>Color del producto: Negro<br \/>\nTecnolog\u00eda de conectividad: Al\u00e1mbrico<br \/>\nDise\u00f1o de teclado: Num\u00e9rico<\/p>\n","protected":false},"excerpt":{"rendered":"<p><strong>Teclado Al\u00e1mbrico Techzone TZACTA04 color negro &#8211; tipo QWERTY, con indicadores: num\u00e9rico, may\u00fascula y bloqueo de desplazamiento, 105 teclas<\/strong><\/p>\n","protected":false},"featured_media":6529,"comment_status":"closed","ping_status":"open","template":"","meta":[],"product_cat":[45,54],"product_tag":[],"class_list":{"0":"post-6528","1":"product","2":"type-product","3":"status-publish","4":"has-post-thumbnail","6":"product_cat-accesorios-para-componentes","7":"product_cat-teclados","9":"first","10":"instock","11":"product-type-simple"},"_links":{"self":[{"href":"https:\/\/bcmimprovement.com\/site1\/wp-json\/wp\/v2\/product\/6528","targetHints":{"allow":["GET"]}}],"collection":[{"href":"https:\/\/bcmimprovement.com\/site1\/wp-json\/wp\/v2\/product"}],"about":[{"href":"https:\/\/bcmimprovement.com\/site1\/wp-json\/wp\/v2\/types\/product"}],"replies":[{"embeddable":true,"href":"https:\/\/bcmimprovement.com\/site1\/wp-json\/wp\/v2\/comments?post=6528"}],"wp:featuredmedia":[{"embeddable":true,"href":"https:\/\/bcmimprovement.com\/site1\/wp-json\/wp\/v2\/media\/6529"}],"wp:attachment":[{"href":"https:\/\/bcmimprovement.com\/site1\/wp-json\/wp\/v2\/media?parent=6528"}],"wp:term":[{"taxonomy":"product_cat","embeddable":true,"href":"https:\/\/bcmimprovement.com\/site1\/wp-json\/wp\/v2\/product_cat?post=6528"},{"taxonomy":"product_tag","embeddable":true,"href":"https:\/\/bcmimprovement.com\/site1\/wp-json\/wp\/v2\/product_tag?post=6528"}],"curies":[{"name":"wp","href":"https:\/\/api.w.org\/{rel}","templated":true}]}}