{"id":6530,"date":"2024-10-04T15:05:44","date_gmt":"2024-10-04T15:05:44","guid":{"rendered":"https:\/\/bcmimprovement.com\/site1\/producto\/mouse-techzone-jelly-mate-grey\/"},"modified":"2024-10-04T15:06:05","modified_gmt":"2024-10-04T15:06:05","slug":"mouse-techzone-jelly-mate-grey","status":"publish","type":"product","link":"https:\/\/bcmimprovement.com\/site1\/producto\/mouse-techzone-jelly-mate-grey\/","title":{"rendered":"Mouse TECHZONE Jelly-Mate Grey"},"content":{"rendered":"<p>Mouse Inal\u00e1mbrico de gel  Jelly &#8211; Mate Grey Techzone TZACMOI16 &#8211; 1200DPI, con bater\u00eda AAA incluida, 3 botones con alcance de 10 m<\/p>\n<p>EAN: 7501801414568<\/p>\n<p>Color del producto: Gris<br \/>\nInterfaz del dispositivo: Inal\u00e1mbrico<br \/>\nTecnolog\u00eda de detecci\u00f3n de movimientos: \u00d3ptico<br \/>\nResoluci\u00f3n de movimiento: 1200 DPI<br \/>\nCantidad de botones: 3 botones<\/p>\n","protected":false},"excerpt":{"rendered":"<p><strong>Mouse Inal\u00e1mbrico de gel  Jelly &#8211; Mate Grey Techzone TZACMOI16 &#8211; 1200DPI, con bater\u00eda AAA incluida, 3 botones con alcance de 10 m<\/strong><\/p>\n","protected":false},"featured_media":6531,"comment_status":"closed","ping_status":"open","template":"","meta":[],"product_cat":[45,52],"product_tag":[],"class_list":{"0":"post-6530","1":"product","2":"type-product","3":"status-publish","4":"has-post-thumbnail","6":"product_cat-accesorios-para-componentes","7":"product_cat-mouse","9":"first","10":"instock","11":"product-type-simple"},"_links":{"self":[{"href":"https:\/\/bcmimprovement.com\/site1\/wp-json\/wp\/v2\/product\/6530","targetHints":{"allow":["GET"]}}],"collection":[{"href":"https:\/\/bcmimprovement.com\/site1\/wp-json\/wp\/v2\/product"}],"about":[{"href":"https:\/\/bcmimprovement.com\/site1\/wp-json\/wp\/v2\/types\/product"}],"replies":[{"embeddable":true,"href":"https:\/\/bcmimprovement.com\/site1\/wp-json\/wp\/v2\/comments?post=6530"}],"wp:featuredmedia":[{"embeddable":true,"href":"https:\/\/bcmimprovement.com\/site1\/wp-json\/wp\/v2\/media\/6531"}],"wp:attachment":[{"href":"https:\/\/bcmimprovement.com\/site1\/wp-json\/wp\/v2\/media?parent=6530"}],"wp:term":[{"taxonomy":"product_cat","embeddable":true,"href":"https:\/\/bcmimprovement.com\/site1\/wp-json\/wp\/v2\/product_cat?post=6530"},{"taxonomy":"product_tag","embeddable":true,"href":"https:\/\/bcmimprovement.com\/site1\/wp-json\/wp\/v2\/product_tag?post=6530"}],"curies":[{"name":"wp","href":"https:\/\/api.w.org\/{rel}","templated":true}]}}