{"id":6538,"date":"2024-10-04T15:05:44","date_gmt":"2024-10-04T15:05:44","guid":{"rendered":"https:\/\/bcmimprovement.com\/site1\/producto\/mouse-lenovo-4y51c21216\/"},"modified":"2024-10-04T15:06:10","modified_gmt":"2024-10-04T15:06:10","slug":"mouse-lenovo-4y51c21216","status":"publish","type":"product","link":"https:\/\/bcmimprovement.com\/site1\/producto\/mouse-lenovo-4y51c21216\/","title":{"rendered":"Mouse LENOVO 4Y51C21216"},"content":{"rendered":"<p>LENOVO MOUSE INALAMBRICO 4Y51C21216 &#8211;<\/p>\n<p>UPC: 195477678842<\/p>\n<p>Color del producto: Gris<br \/>\nInterfaz del dispositivo: USB<br \/>\nTecnolog\u00eda de detecci\u00f3n de movimientos: \u00d3ptico<\/p>\n","protected":false},"excerpt":{"rendered":"<p><strong>LENOVO MOUSE INALAMBRICO 4Y51C21216 &#8211;<\/strong><\/p>\n","protected":false},"featured_media":6539,"comment_status":"closed","ping_status":"open","template":"","meta":[],"product_cat":[45,52],"product_tag":[],"class_list":{"0":"post-6538","1":"product","2":"type-product","3":"status-publish","4":"has-post-thumbnail","6":"product_cat-accesorios-para-componentes","7":"product_cat-mouse","9":"first","10":"instock","11":"product-type-simple"},"_links":{"self":[{"href":"https:\/\/bcmimprovement.com\/site1\/wp-json\/wp\/v2\/product\/6538","targetHints":{"allow":["GET"]}}],"collection":[{"href":"https:\/\/bcmimprovement.com\/site1\/wp-json\/wp\/v2\/product"}],"about":[{"href":"https:\/\/bcmimprovement.com\/site1\/wp-json\/wp\/v2\/types\/product"}],"replies":[{"embeddable":true,"href":"https:\/\/bcmimprovement.com\/site1\/wp-json\/wp\/v2\/comments?post=6538"}],"wp:featuredmedia":[{"embeddable":true,"href":"https:\/\/bcmimprovement.com\/site1\/wp-json\/wp\/v2\/media\/6539"}],"wp:attachment":[{"href":"https:\/\/bcmimprovement.com\/site1\/wp-json\/wp\/v2\/media?parent=6538"}],"wp:term":[{"taxonomy":"product_cat","embeddable":true,"href":"https:\/\/bcmimprovement.com\/site1\/wp-json\/wp\/v2\/product_cat?post=6538"},{"taxonomy":"product_tag","embeddable":true,"href":"https:\/\/bcmimprovement.com\/site1\/wp-json\/wp\/v2\/product_tag?post=6538"}],"curies":[{"name":"wp","href":"https:\/\/api.w.org\/{rel}","templated":true}]}}