{"id":6548,"date":"2024-10-04T15:06:17","date_gmt":"2024-10-04T15:06:17","guid":{"rendered":"https:\/\/bcmimprovement.com\/site1\/producto\/mouse-acteck-advanced-series\/"},"modified":"2024-10-04T15:06:20","modified_gmt":"2024-10-04T15:06:20","slug":"mouse-acteck-advanced-series","status":"publish","type":"product","link":"https:\/\/bcmimprovement.com\/site1\/producto\/mouse-acteck-advanced-series\/","title":{"rendered":"Mouse ACTECK Advanced Series"},"content":{"rendered":"<p>Mouse Inal\u00e1mbrico Vertical VIRTUOS FITT MI520 ACTECK Advanced Series Bater\u00eda recargable 700 mAh &#8211;<\/p>\n<p>Tecnolog\u00eda de detecci\u00f3n de movimientos: \u00d3ptico<br \/>\nColor del producto: Blanco<br \/>\nInterfaz del dispositivo: RF Wireless+Bluetooth<br \/>\nResoluci\u00f3n de movimiento: 2400 DPI<br \/>\nCantidad de botones: 7 botones<\/p>\n","protected":false},"excerpt":{"rendered":"<p><strong>Mouse Inal\u00e1mbrico Vertical VIRTUOS FITT MI520 ACTECK Advanced Series Bater\u00eda recargable 700 mAh &#8211;<\/strong><\/p>\n","protected":false},"featured_media":6549,"comment_status":"closed","ping_status":"open","template":"","meta":[],"product_cat":[45,52],"product_tag":[],"class_list":{"0":"post-6548","1":"product","2":"type-product","3":"status-publish","4":"has-post-thumbnail","6":"product_cat-accesorios-para-componentes","7":"product_cat-mouse","9":"first","10":"instock","11":"product-type-simple"},"_links":{"self":[{"href":"https:\/\/bcmimprovement.com\/site1\/wp-json\/wp\/v2\/product\/6548","targetHints":{"allow":["GET"]}}],"collection":[{"href":"https:\/\/bcmimprovement.com\/site1\/wp-json\/wp\/v2\/product"}],"about":[{"href":"https:\/\/bcmimprovement.com\/site1\/wp-json\/wp\/v2\/types\/product"}],"replies":[{"embeddable":true,"href":"https:\/\/bcmimprovement.com\/site1\/wp-json\/wp\/v2\/comments?post=6548"}],"wp:featuredmedia":[{"embeddable":true,"href":"https:\/\/bcmimprovement.com\/site1\/wp-json\/wp\/v2\/media\/6549"}],"wp:attachment":[{"href":"https:\/\/bcmimprovement.com\/site1\/wp-json\/wp\/v2\/media?parent=6548"}],"wp:term":[{"taxonomy":"product_cat","embeddable":true,"href":"https:\/\/bcmimprovement.com\/site1\/wp-json\/wp\/v2\/product_cat?post=6548"},{"taxonomy":"product_tag","embeddable":true,"href":"https:\/\/bcmimprovement.com\/site1\/wp-json\/wp\/v2\/product_tag?post=6548"}],"curies":[{"name":"wp","href":"https:\/\/api.w.org\/{rel}","templated":true}]}}