{"id":6558,"date":"2024-10-04T15:06:17","date_gmt":"2024-10-04T15:06:17","guid":{"rendered":"https:\/\/bcmimprovement.com\/site1\/producto\/mouse-hp-hp-235\/"},"modified":"2024-10-04T15:06:46","modified_gmt":"2024-10-04T15:06:46","slug":"mouse-hp-hp-235","status":"publish","type":"product","link":"https:\/\/bcmimprovement.com\/site1\/producto\/mouse-hp-hp-235\/","title":{"rendered":"Mouse HP HP 235"},"content":{"rendered":"<p>MOUSE INALAMBRICO HP 235 (4E407AA#ABM) &#8211;<\/p>\n<p>UPC: 196068668204<\/p>\n<p>Color del producto: Negro<br \/>\nInterfaz del dispositivo: RF inal\u00e1mbrico<br \/>\nTecnolog\u00eda de detecci\u00f3n de movimientos: \u00d3ptico<br \/>\nResoluci\u00f3n de movimiento: 1600 DPI<br \/>\nCantidad de botones: 3 botones<\/p>\n","protected":false},"excerpt":{"rendered":"<p><strong>MOUSE INALAMBRICO HP 235 (4E407AA#ABM) &#8211;<\/strong><\/p>\n","protected":false},"featured_media":6559,"comment_status":"closed","ping_status":"open","template":"","meta":[],"product_cat":[45,52],"product_tag":[],"class_list":{"0":"post-6558","1":"product","2":"type-product","3":"status-publish","4":"has-post-thumbnail","6":"product_cat-accesorios-para-componentes","7":"product_cat-mouse","9":"first","10":"instock","11":"product-type-simple"},"_links":{"self":[{"href":"https:\/\/bcmimprovement.com\/site1\/wp-json\/wp\/v2\/product\/6558","targetHints":{"allow":["GET"]}}],"collection":[{"href":"https:\/\/bcmimprovement.com\/site1\/wp-json\/wp\/v2\/product"}],"about":[{"href":"https:\/\/bcmimprovement.com\/site1\/wp-json\/wp\/v2\/types\/product"}],"replies":[{"embeddable":true,"href":"https:\/\/bcmimprovement.com\/site1\/wp-json\/wp\/v2\/comments?post=6558"}],"wp:featuredmedia":[{"embeddable":true,"href":"https:\/\/bcmimprovement.com\/site1\/wp-json\/wp\/v2\/media\/6559"}],"wp:attachment":[{"href":"https:\/\/bcmimprovement.com\/site1\/wp-json\/wp\/v2\/media?parent=6558"}],"wp:term":[{"taxonomy":"product_cat","embeddable":true,"href":"https:\/\/bcmimprovement.com\/site1\/wp-json\/wp\/v2\/product_cat?post=6558"},{"taxonomy":"product_tag","embeddable":true,"href":"https:\/\/bcmimprovement.com\/site1\/wp-json\/wp\/v2\/product_tag?post=6558"}],"curies":[{"name":"wp","href":"https:\/\/api.w.org\/{rel}","templated":true}]}}