{"id":6600,"date":"2024-10-04T15:07:28","date_gmt":"2024-10-04T15:07:28","guid":{"rendered":"https:\/\/bcmimprovement.com\/site1\/producto\/maletin-techzone-tzest01n\/"},"modified":"2024-10-04T15:07:32","modified_gmt":"2024-10-04T15:07:32","slug":"maletin-techzone-tzest01n","status":"publish","type":"product","link":"https:\/\/bcmimprovement.com\/site1\/producto\/maletin-techzone-tzest01n\/","title":{"rendered":"Malet\u00edn TECHZONE TZEST01N"},"content":{"rendered":"<p>Malet\u00edn Essential TechZone &#8211; de 15.6 pulgadas con marco protector, confeccionado en nylon de alta resistencia, garant\u00eda limitada de por vida.<\/p>\n<p>EAN: 7501950033719<\/p>\n<p>Color del producto: Negro<br \/>\nMateriales: Nylon<br \/>\nTipo: Malet\u00edn<br \/>\nTama\u00f1o m\u00e1ximo de pantalla: 15.6 pulgadas<\/p>\n","protected":false},"excerpt":{"rendered":"<p><strong>Malet\u00edn Essential TechZone &#8211; de 15.6 pulgadas con marco protector, confeccionado en nylon de alta resistencia, garant\u00eda limitada de por vida.<\/strong><\/p>\n","protected":false},"featured_media":6601,"comment_status":"closed","ping_status":"open","template":"","meta":[],"product_cat":[56,60],"product_tag":[],"class_list":{"0":"post-6600","1":"product","2":"type-product","3":"status-publish","4":"has-post-thumbnail","6":"product_cat-accesorios-para-computo","7":"product_cat-mochilas-y-maletines","9":"first","10":"instock","11":"product-type-simple"},"_links":{"self":[{"href":"https:\/\/bcmimprovement.com\/site1\/wp-json\/wp\/v2\/product\/6600","targetHints":{"allow":["GET"]}}],"collection":[{"href":"https:\/\/bcmimprovement.com\/site1\/wp-json\/wp\/v2\/product"}],"about":[{"href":"https:\/\/bcmimprovement.com\/site1\/wp-json\/wp\/v2\/types\/product"}],"replies":[{"embeddable":true,"href":"https:\/\/bcmimprovement.com\/site1\/wp-json\/wp\/v2\/comments?post=6600"}],"wp:featuredmedia":[{"embeddable":true,"href":"https:\/\/bcmimprovement.com\/site1\/wp-json\/wp\/v2\/media\/6601"}],"wp:attachment":[{"href":"https:\/\/bcmimprovement.com\/site1\/wp-json\/wp\/v2\/media?parent=6600"}],"wp:term":[{"taxonomy":"product_cat","embeddable":true,"href":"https:\/\/bcmimprovement.com\/site1\/wp-json\/wp\/v2\/product_cat?post=6600"},{"taxonomy":"product_tag","embeddable":true,"href":"https:\/\/bcmimprovement.com\/site1\/wp-json\/wp\/v2\/product_tag?post=6600"}],"curies":[{"name":"wp","href":"https:\/\/api.w.org\/{rel}","templated":true}]}}