{"id":7253,"date":"2024-10-04T16:42:10","date_gmt":"2024-10-04T16:42:10","guid":{"rendered":"https:\/\/bcmimprovement.com\/site1\/producto\/bateria-ovaltech-ota1953\/"},"modified":"2024-10-04T16:42:10","modified_gmt":"2024-10-04T16:42:10","slug":"bateria-ovaltech-ota1953","status":"publish","type":"product","link":"https:\/\/bcmimprovement.com\/site1\/producto\/bateria-ovaltech-ota1953\/","title":{"rendered":"Bater\u00eda OVALTECH OTA1953"},"content":{"rendered":"<p>Bater\u00eda OVALTECH OTA1953 &#8211; Bater\u00eda, Negro, Apple MacBook Pro 15 Mid 2018 2019<\/p>\n<p>Color del producto: Negro<br \/>\nTipo: Bater\u00eda<br \/>\nProductos compatibles: Apple MacBook Pro 15 Mid 2018 2019<\/p>\n","protected":false},"excerpt":{"rendered":"<p><strong>Bater\u00eda OVALTECH OTA1953 &#8211; Bater\u00eda, Negro, Apple MacBook Pro 15 Mid 2018 2019<\/strong><\/p>\n","protected":false},"featured_media":7254,"comment_status":"closed","ping_status":"open","template":"","meta":[],"product_cat":[56,59],"product_tag":[],"class_list":{"0":"post-7253","1":"product","2":"type-product","3":"status-publish","4":"has-post-thumbnail","6":"product_cat-accesorios-para-computo","7":"product_cat-baterias-laptops","9":"first","10":"instock","11":"product-type-simple"},"_links":{"self":[{"href":"https:\/\/bcmimprovement.com\/site1\/wp-json\/wp\/v2\/product\/7253","targetHints":{"allow":["GET"]}}],"collection":[{"href":"https:\/\/bcmimprovement.com\/site1\/wp-json\/wp\/v2\/product"}],"about":[{"href":"https:\/\/bcmimprovement.com\/site1\/wp-json\/wp\/v2\/types\/product"}],"replies":[{"embeddable":true,"href":"https:\/\/bcmimprovement.com\/site1\/wp-json\/wp\/v2\/comments?post=7253"}],"wp:featuredmedia":[{"embeddable":true,"href":"https:\/\/bcmimprovement.com\/site1\/wp-json\/wp\/v2\/media\/7254"}],"wp:attachment":[{"href":"https:\/\/bcmimprovement.com\/site1\/wp-json\/wp\/v2\/media?parent=7253"}],"wp:term":[{"taxonomy":"product_cat","embeddable":true,"href":"https:\/\/bcmimprovement.com\/site1\/wp-json\/wp\/v2\/product_cat?post=7253"},{"taxonomy":"product_tag","embeddable":true,"href":"https:\/\/bcmimprovement.com\/site1\/wp-json\/wp\/v2\/product_tag?post=7253"}],"curies":[{"name":"wp","href":"https:\/\/api.w.org\/{rel}","templated":true}]}}