{"id":8539,"date":"2024-10-04T17:39:45","date_gmt":"2024-10-04T17:39:45","guid":{"rendered":"https:\/\/bcmimprovement.com\/site1\/producto\/adaptador-nano-usb-2-0-mercusys-mw150us\/"},"modified":"2024-10-04T17:39:47","modified_gmt":"2024-10-04T17:39:47","slug":"adaptador-nano-usb-2-0-mercusys-mw150us","status":"publish","type":"product","link":"https:\/\/bcmimprovement.com\/site1\/producto\/adaptador-nano-usb-2-0-mercusys-mw150us\/","title":{"rendered":"Adaptador NANO USB 2.0 MERCUSYS MW150US"},"content":{"rendered":"<p>ADAP. NANO USB INAL\u00c1MBRICO N150150MBPS MERCUSYS MW150US DISE\u00d1O COMPACTO Y SOLUCI\u00d3N CONVENIENTE &#8211;<\/p>\n<p>UPC: 849439000324<\/p>\n<p>Color del producto: Color blanco<br \/>\nVelocidad de transferencia de datos: 150 Mbit\/s<\/p>\n","protected":false},"excerpt":{"rendered":"<p><strong>ADAP. NANO USB INAL\u00c1MBRICO N150150MBPS MERCUSYS MW150US DISE\u00d1O COMPACTO Y SOLUCI\u00d3N CONVENIENTE &#8211;<\/strong><\/p>\n","protected":false},"featured_media":8540,"comment_status":"closed","ping_status":"open","template":"","meta":[],"product_cat":[79,88],"product_tag":[],"class_list":{"0":"post-8539","1":"product","2":"type-product","3":"status-publish","4":"has-post-thumbnail","6":"product_cat-adaptadores","7":"product_cat-adaptadores-usb-red","9":"first","10":"instock","11":"product-type-simple"},"_links":{"self":[{"href":"https:\/\/bcmimprovement.com\/site1\/wp-json\/wp\/v2\/product\/8539","targetHints":{"allow":["GET"]}}],"collection":[{"href":"https:\/\/bcmimprovement.com\/site1\/wp-json\/wp\/v2\/product"}],"about":[{"href":"https:\/\/bcmimprovement.com\/site1\/wp-json\/wp\/v2\/types\/product"}],"replies":[{"embeddable":true,"href":"https:\/\/bcmimprovement.com\/site1\/wp-json\/wp\/v2\/comments?post=8539"}],"wp:featuredmedia":[{"embeddable":true,"href":"https:\/\/bcmimprovement.com\/site1\/wp-json\/wp\/v2\/media\/8540"}],"wp:attachment":[{"href":"https:\/\/bcmimprovement.com\/site1\/wp-json\/wp\/v2\/media?parent=8539"}],"wp:term":[{"taxonomy":"product_cat","embeddable":true,"href":"https:\/\/bcmimprovement.com\/site1\/wp-json\/wp\/v2\/product_cat?post=8539"},{"taxonomy":"product_tag","embeddable":true,"href":"https:\/\/bcmimprovement.com\/site1\/wp-json\/wp\/v2\/product_tag?post=8539"}],"curies":[{"name":"wp","href":"https:\/\/api.w.org\/{rel}","templated":true}]}}