{"id":8662,"date":"2024-10-04T17:43:42","date_gmt":"2024-10-04T17:43:42","guid":{"rendered":"https:\/\/bcmimprovement.com\/site1\/producto\/adaptador-usb-3-0-dual-band-tp-link-archer-t3u\/"},"modified":"2024-10-04T17:43:43","modified_gmt":"2024-10-04T17:43:43","slug":"adaptador-usb-3-0-dual-band-tp-link-archer-t3u","status":"publish","type":"product","link":"https:\/\/bcmimprovement.com\/site1\/producto\/adaptador-usb-3-0-dual-band-tp-link-archer-t3u\/","title":{"rendered":"Adaptador USB 3.0 Dual Band TP-LINK Archer T3U"},"content":{"rendered":"<p>ADAPTADOR INAL\u00c1MBRICO USB 3.0 AC1300 TP-LINK ARCHER T3U DE TAMA\u00d1O PEQUE\u00d1O &#8211;<\/p>\n<p>UPC: 840030700026<\/p>\n<p>Color del producto: Negro<br \/>\nConector 1: USB 3.0<br \/>\nVelocidad de transferencia de datos: 867 Mbit\/s<br \/>\nConector 2: Wifi<\/p>\n","protected":false},"excerpt":{"rendered":"<p><strong>ADAPTADOR INAL\u00c1MBRICO USB 3.0 AC1300 TP-LINK ARCHER T3U DE TAMA\u00d1O PEQUE\u00d1O &#8211;<\/strong><\/p>\n","protected":false},"featured_media":8663,"comment_status":"closed","ping_status":"open","template":"","meta":[],"product_cat":[79,88],"product_tag":[],"class_list":{"0":"post-8662","1":"product","2":"type-product","3":"status-publish","4":"has-post-thumbnail","6":"product_cat-adaptadores","7":"product_cat-adaptadores-usb-red","9":"first","10":"instock","11":"product-type-simple"},"_links":{"self":[{"href":"https:\/\/bcmimprovement.com\/site1\/wp-json\/wp\/v2\/product\/8662","targetHints":{"allow":["GET"]}}],"collection":[{"href":"https:\/\/bcmimprovement.com\/site1\/wp-json\/wp\/v2\/product"}],"about":[{"href":"https:\/\/bcmimprovement.com\/site1\/wp-json\/wp\/v2\/types\/product"}],"replies":[{"embeddable":true,"href":"https:\/\/bcmimprovement.com\/site1\/wp-json\/wp\/v2\/comments?post=8662"}],"wp:featuredmedia":[{"embeddable":true,"href":"https:\/\/bcmimprovement.com\/site1\/wp-json\/wp\/v2\/media\/8663"}],"wp:attachment":[{"href":"https:\/\/bcmimprovement.com\/site1\/wp-json\/wp\/v2\/media?parent=8662"}],"wp:term":[{"taxonomy":"product_cat","embeddable":true,"href":"https:\/\/bcmimprovement.com\/site1\/wp-json\/wp\/v2\/product_cat?post=8662"},{"taxonomy":"product_tag","embeddable":true,"href":"https:\/\/bcmimprovement.com\/site1\/wp-json\/wp\/v2\/product_tag?post=8662"}],"curies":[{"name":"wp","href":"https:\/\/api.w.org\/{rel}","templated":true}]}}